{"id":160,"date":"2012-02-29T23:48:09","date_gmt":"2012-02-29T23:48:09","guid":{"rendered":"http:\/\/www.levinger.net\/cualguerra\/?page_id=160"},"modified":"2012-02-29T23:48:09","modified_gmt":"2012-02-29T23:48:09","slug":"sobre","status":"publish","type":"page","link":"https:\/\/www.levinger.net\/cualguerra\/sobre\/","title":{"rendered":"Sobre el Proyecto"},"content":{"rendered":"<p><a href=\"http:\/\/www.levinger.net\/cualguerra\/wp-content\/uploads\/2012\/02\/1.jpg\"><img loading=\"lazy\" decoding=\"async\" class=\"alignright size-medium wp-image-13\" title=\"DSCN0217\" src=\"http:\/\/www.levinger.net\/cualguerra\/wp-content\/uploads\/2012\/02\/1-300x225.jpg\" alt=\"\" width=\"300\" height=\"225\" \/><\/a>En diciembre de 2004, viaj\u00e9 a la Antigua Guatemala con un grupo de voluntarios para ense\u00f1ar ingl\u00e9s a estudiantes universitarios de culturas mayas.<\/p>\n<p>Durante las dos semanas, dos de nuestros estudiantes mencionaron indirectamente sus experiencias como sobrevivientes de la guerra civil de su pa\u00eds. \u00a0Estaba recordando sus historias cuando sub\u00ed al avi\u00f3n para regresar a los Estados Unidos. \u00a0Nuestro vuelo se atras\u00f3 y para pasar el tiempo le pregunt\u00e9 a una muchacha norteamericana sentada a la par m\u00eda que hac\u00eda en Guatemala. \u00a0Me respondi\u00f3 que hab\u00eda vivido en la Antigua toda su vida.&#8221; \u00a0Con ganas de aprender m\u00e1s desde otra perspectiva le pregunt\u00e9, \u00bfComo era estar all\u00ed durante la guerra?<\/p>\n<p>Era bien educada, yo era una se\u00f1ora canosa de mediana edad con una pregunta. \u00a0Dio vuelta y me dijo cort\u00e9smente, \u00bfC\u00faal guerra?<\/p>\n<p>Esa es la pregunta que me llev\u00f3 otra vez a Guatemala en marzo de 2005, buscando respuestas. \u00a0<em>\u00bfCual Guerra? <\/em>coloca\u00a0los testimonios de los sobrevivientes en el contexto cultural y hist\u00f3rico de la guerra civil de Guatemala, que dur\u00f3 36 a\u00f1os. \u00a0Testimonios incluidos en el libro est\u00e1n al pie de la letra, aunque algunos han sido abreviados por necesidad.<\/p>\n<p>Aqu\u00ed se presentan los testimonios en su totalidad. \u00a0Se han cambiando los nombres de personas y lugares para permanecer en el anonimato las identidades de los que hablaron libremente sobres sus experiences durante la guerra civil.<\/p>\n<p>Si usted quiere compartir sus experiencias a trav\u00e9s de un testimonio, favor de <a href=\"http:\/\/www.levinger.net\/cualguerra\/contacto\/\">contactarnos<\/a>. \u00a0Es un proyecto que se mantiene abierto.<\/p>\n<p>&#8211; Laurie Levinger<\/p>\n","protected":false},"excerpt":{"rendered":"<p>En diciembre de 2004, viaj\u00e9 a la Antigua Guatemala con un grupo de voluntarios para ense\u00f1ar ingl\u00e9s a estudiantes universitarios de culturas mayas. Durante las dos semanas, dos de nuestros estudiantes mencionaron indirectamente sus experiencias como sobrevivientes de la guerra civil de su pa\u00eds. \u00a0Estaba recordando sus historias cuando sub\u00ed al avi\u00f3n para regresar a [&hellip;]<\/p>\n","protected":false},"author":1,"featured_media":0,"parent":0,"menu_order":0,"comment_status":"closed","ping_status":"open","template":"","meta":{"footnotes":""},"class_list":["post-160","page","type-page","status-publish","hentry"],"_links":{"self":[{"href":"https:\/\/www.levinger.net\/cualguerra\/wp-json\/wp\/v2\/pages\/160"}],"collection":[{"href":"https:\/\/www.levinger.net\/cualguerra\/wp-json\/wp\/v2\/pages"}],"about":[{"href":"https:\/\/www.levinger.net\/cualguerra\/wp-json\/wp\/v2\/types\/page"}],"author":[{"embeddable":true,"href":"https:\/\/www.levinger.net\/cualguerra\/wp-json\/wp\/v2\/users\/1"}],"replies":[{"embeddable":true,"href":"https:\/\/www.levinger.net\/cualguerra\/wp-json\/wp\/v2\/comments?post=160"}],"version-history":[{"count":0,"href":"https:\/\/www.levinger.net\/cualguerra\/wp-json\/wp\/v2\/pages\/160\/revisions"}],"wp:attachment":[{"href":"https:\/\/www.levinger.net\/cualguerra\/wp-json\/wp\/v2\/media?parent=160"}],"curies":[{"name":"wp","href":"https:\/\/api.w.org\/{rel}","templated":true}]}}