{"id":165,"date":"2012-03-01T00:09:27","date_gmt":"2012-03-01T00:09:27","guid":{"rendered":"http:\/\/www.levinger.net\/cualguerra\/?page_id=165"},"modified":"2012-03-01T00:09:27","modified_gmt":"2012-03-01T00:09:27","slug":"otros-proyectos","status":"publish","type":"page","link":"https:\/\/www.levinger.net\/cualguerra\/otros-proyectos\/","title":{"rendered":"Otros Proyectos"},"content":{"rendered":"<p>En septiembre de 2009, me contaron que una mujer en Bisan, una aldea del altiplando, fue asesinado, dejando 5 hijos sin su madre. \u00a0Yo hab\u00eda visitado Bisan y, aunque nunca conoc\u00ed a Rosa, pude imaginar las circunstancias terribles de su muerte. \u00a0Los 5 hijos de Rosa ya eran hu\u00e9rfanos sin un padre o otros familiares para ayudar a cuidarlos.<\/p>\n<p>Empec\u00e9 a recaudar fondos para apoyar a los ni\u00f1os (que aqu\u00ed se llaman Roberto, Elena, \u00c1ngel, Mar\u00eda y Mario). \u00a0En diciembre, mi amigo Fernando y yo viajamos a Bisan a conocer a los ni\u00f1os.<\/p>\n<p>Este libro bilingue, <em>Los hijos de Rosa<\/em>, es la historia de esa visita. \u00a0El libro es un proyecto para recaudar fondos: todo el dinero es para comprar comida, medicina, ropa y educaci\u00f3n para estos 5 hu\u00e9rfanos.<\/p>\n<p><em>Los hijos de Rosa <\/em>\u00a0fue illustrado por Carlos Chavez, un pintor maya kaqchikel de San Juan Sacatep\u00e9quez quien don\u00f3 su arte para ayudar a los ni\u00f1os. \u00a0Se puede ver las obras de Carlos Chavez a trav\u00e9s de su sitio web:<\/p>\n<p><a href=\"http:\/\/www.carloschavezarte.com\/\" target=\"_blank\">www.carloschavezarte.com<\/a><\/p>\n<div>Aqu\u00ed hay algunas de las ilustraciones del libro:<\/div>\n<p>[scribd id=83711454 key=key-10ze4rdlisnoq61zzc44 mode=list]<\/p>\n<p>Se ha establecido una cuenta bancaria para pagar comida, medicina, ropa y educaci\u00f3n para los hijos de Rosa. \u00a0Se aceptan contribuciones\u00a0desgravables a la siguente direcci\u00f3n:<\/p>\n<div>UPAVIM Community Development Foundation<\/div>\n<div>c\/o Laurie Levinger<\/div>\n<div>28 McKenna Road<\/div>\n<div>Norwich, Vermont 05055<\/div>\n<div>USA<\/div>\n","protected":false},"excerpt":{"rendered":"<p>En septiembre de 2009, me contaron que una mujer en Bisan, una aldea del altiplando, fue asesinado, dejando 5 hijos sin su madre. \u00a0Yo hab\u00eda visitado Bisan y, aunque nunca conoc\u00ed a Rosa, pude imaginar las circunstancias terribles de su muerte. \u00a0Los 5 hijos de Rosa ya eran hu\u00e9rfanos sin un padre o otros familiares [&hellip;]<\/p>\n","protected":false},"author":1,"featured_media":0,"parent":0,"menu_order":0,"comment_status":"closed","ping_status":"open","template":"","meta":{"footnotes":""},"class_list":["post-165","page","type-page","status-publish","hentry"],"_links":{"self":[{"href":"https:\/\/www.levinger.net\/cualguerra\/wp-json\/wp\/v2\/pages\/165"}],"collection":[{"href":"https:\/\/www.levinger.net\/cualguerra\/wp-json\/wp\/v2\/pages"}],"about":[{"href":"https:\/\/www.levinger.net\/cualguerra\/wp-json\/wp\/v2\/types\/page"}],"author":[{"embeddable":true,"href":"https:\/\/www.levinger.net\/cualguerra\/wp-json\/wp\/v2\/users\/1"}],"replies":[{"embeddable":true,"href":"https:\/\/www.levinger.net\/cualguerra\/wp-json\/wp\/v2\/comments?post=165"}],"version-history":[{"count":0,"href":"https:\/\/www.levinger.net\/cualguerra\/wp-json\/wp\/v2\/pages\/165\/revisions"}],"wp:attachment":[{"href":"https:\/\/www.levinger.net\/cualguerra\/wp-json\/wp\/v2\/media?parent=165"}],"curies":[{"name":"wp","href":"https:\/\/api.w.org\/{rel}","templated":true}]}}