{"id":167,"date":"2012-03-01T00:14:15","date_gmt":"2012-03-01T00:14:15","guid":{"rendered":"http:\/\/www.levinger.net\/cualguerra\/?page_id=167"},"modified":"2012-03-01T00:14:15","modified_gmt":"2012-03-01T00:14:15","slug":"el-libro","status":"publish","type":"page","link":"https:\/\/www.levinger.net\/cualguerra\/el-libro\/","title":{"rendered":"El Libro"},"content":{"rendered":"<ul>\n<li><em>\u00bfCual Guerra? <\/em>est\u00e1 disponible en:<\/li>\n<ul>\n<li><a href=\"http:\/\/www.cholsamaj.org\">Editorial Cholsamaj<\/a><\/li>\n<li><a href=\"http:\/\/missionlocal.org\/2009\/08\/a-new-kind-of-bookstore-owner-on-mission-street\/\" rel=\"nofollow\">Nueva Libreria Mexico<\/a>, 2886 Mission St, San Francisco CA<\/li>\n<li><a href=\"http:\/\/www.mtbs.com\/\" rel=\"nofollow\">Modern Times Bookstore<\/a>, 2919 24th Street, San Francisco, CA<\/li>\n<li>y con la autora.<\/li>\n<\/ul>\n<\/ul>\n<ul>\n<li>Una traducci\u00f3n a ingl\u00e9s, What War? Testimonies of Mayan Survivors est\u00e1 disponible en:\n<ul>\n<li><a href=\"http:\/\/www.norwichbookstore.com\/book\/9780979004643\" rel=\"nofollow\">Norwich Bookstore<\/a>\u00a0en Norwich, VT<\/li>\n<li><a href=\"http:\/\/dartmouthbooks.bncollege.com\/\" rel=\"nofollow\">Dartmouth Bookstore<\/a>\u00a0en Hanover, NH<\/li>\n<li><a href=\"http:\/\/yankeebookshop.com\/\" rel=\"nofollow\">Yankee Bookstore<\/a>\u00a0en Woodstock, VT<\/li>\n<li>Editorial\u00a0<a href=\"http:\/\/wipfandstock.com\/store\/What_War_Testimonies_of_Maya_Survivors\" rel=\"nofollow\">Wipf and Stock<\/a><\/li>\n<li>en\u00a0<a href=\"http:\/\/www.amazon.com\/What-War-Testimonies-Maya-Survivors\/dp\/1610976320\/\" rel=\"nofollow\">Amazon.com<\/a><\/li>\n<li>y con la autora.<\/li>\n<\/ul>\n<p>&nbsp;<\/li>\n<\/ul>\n","protected":false},"excerpt":{"rendered":"<p>\u00bfCual Guerra? est\u00e1 disponible en: Editorial Cholsamaj Nueva Libreria Mexico, 2886 Mission St, San Francisco CA Modern Times Bookstore, 2919 24th Street, San Francisco, CA y con la autora. Una traducci\u00f3n a ingl\u00e9s, What War? Testimonies of Mayan Survivors est\u00e1 disponible en: Norwich Bookstore\u00a0en Norwich, VT Dartmouth Bookstore\u00a0en Hanover, NH Yankee Bookstore\u00a0en Woodstock, VT Editorial\u00a0Wipf [&hellip;]<\/p>\n","protected":false},"author":1,"featured_media":0,"parent":0,"menu_order":0,"comment_status":"closed","ping_status":"open","template":"","meta":{"footnotes":""},"class_list":["post-167","page","type-page","status-publish","hentry"],"_links":{"self":[{"href":"https:\/\/www.levinger.net\/cualguerra\/wp-json\/wp\/v2\/pages\/167"}],"collection":[{"href":"https:\/\/www.levinger.net\/cualguerra\/wp-json\/wp\/v2\/pages"}],"about":[{"href":"https:\/\/www.levinger.net\/cualguerra\/wp-json\/wp\/v2\/types\/page"}],"author":[{"embeddable":true,"href":"https:\/\/www.levinger.net\/cualguerra\/wp-json\/wp\/v2\/users\/1"}],"replies":[{"embeddable":true,"href":"https:\/\/www.levinger.net\/cualguerra\/wp-json\/wp\/v2\/comments?post=167"}],"version-history":[{"count":0,"href":"https:\/\/www.levinger.net\/cualguerra\/wp-json\/wp\/v2\/pages\/167\/revisions"}],"wp:attachment":[{"href":"https:\/\/www.levinger.net\/cualguerra\/wp-json\/wp\/v2\/media?parent=167"}],"curies":[{"name":"wp","href":"https:\/\/api.w.org\/{rel}","templated":true}]}}