{"id":522,"date":"2012-05-23T23:50:25","date_gmt":"2012-05-23T23:50:25","guid":{"rendered":"http:\/\/www.levinger.net\/cualguerra\/?page_id=522"},"modified":"2012-05-23T23:50:25","modified_gmt":"2012-05-23T23:50:25","slug":"bartolo","status":"publish","type":"page","link":"https:\/\/www.levinger.net\/cualguerra\/bartolo\/","title":{"rendered":"Bartolo"},"content":{"rendered":"<p>Bartolo, marzo de 2005<\/p>\n<p>Toda la gente de nuestro pueblo fue asesinada en la masacre. Mi madre fue asesinada. Mis abuelos ya hab\u00edan fallecido. Nuestra aldea original, Yalamopoch, fue quemada. Nuestra casa fue incendiada. Ya no est\u00e1, no existe. Nosotros escapamos con mi pap\u00e1. Nos llev\u00f3 tres d\u00edas llegar a M\u00e9xico. Nos fuimos con mucha gente por las monta\u00f1as, no hay camino. Avanz\u00e1bamos d\u00eda y noche, escalando. Nos est\u00e1bamos escondiendo del Ej\u00e9rcito en las monta\u00f1as.<\/p>\n<p>Cuando llegamos a M\u00e9xico, no nos recibieron bien, pero nos permitieron quedarnos. Antes de esta guerra, mi padre iba de vez en cuando a trabajar a M\u00e9xico. As\u00ed que ya ten\u00eda algunos amigos ah\u00ed. Vivimos en un campo de refugiados, lejos de los mexicanos. Viv\u00edamos en una casa junto con mucha gente, talvez unas diez personas. Est\u00e1bamos bien amontonados. Las casas estaban muy cerca unas de otras. Fui a la escuela primaria y curs\u00e9 un a\u00f1o de secundaria ah\u00ed.<\/p>\n<p>Mi padre, mis t\u00edos, la gente que se fue a M\u00e9xico, todos me dijeron lo que hab\u00eda pasado. Yo no vi qu\u00e9 hab\u00eda pasado, pero ellos hablaban sobre eso. Es muy triste. Me afect\u00f3 mucho porque no ten\u00eda mam\u00e1. En M\u00e9xico habl\u00e1bamos mucho sobre esto, pero, bueno, s\u00f3lo habl\u00e1bamos entre los refugiados, no con los mexicanos. A veces es mejor no&#8230; preferimos no hablar. Porque es triste, es doloroso.<\/p>\n<p>Regresamos a Guatemala porque mi pap\u00e1 es un l\u00edder, una persona importante, \u00e9l organizaba a los refugiados.<\/p>\n<p>Regresamos el 13 de enero de 1993. Lo que pas\u00f3 fue que la Comisi\u00f3n Permanente organiz\u00f3 el retorno de los refugiados a Guatemala. La Comisi\u00f3n Permanente fue organizada en M\u00e9xico, para todos aqu\u00e9llos de nosotros que hab\u00edamos vivido en Tescado.<\/p>\n<p>Nos reunimos en Comit\u00e1n. Nos pusieron en Quintana Roo, Campeche y M\u00e9rida. Despu\u00e9s nos reunimos el 13, 14, 15, 16, 17, 18, 19 y 20 de enero. Y el 20 de enero salimos de Comit\u00e1n. Llegamos a La Mesilla el mismo d\u00eda y nos quedamos a dormir en Huehuetenango. As\u00ed que el 20 de enero regresamos. Cruzamos la frontera de M\u00e9xico y entramos en Guatemala.<\/p>\n<p>Y donde vivo, mi aldea se llama Victoria 20 de Enero, porque cruzamos la frontera de M\u00e9xico el 20 de enero de 1993. Fuimos el primer grupo de retornados.<\/p>\n<p>Yo ten\u00eda trece a\u00f1os. Estaba triste porque no quer\u00eda venir pues no estaba acostumbrado a Guatemala y las cosas iban bien en M\u00e9xico. Estaba estudiando mecanograf\u00eda y c\u00f3mo hacer zapatos y joyer\u00eda.<\/p>\n<p>Yo lloraba y mi pap\u00e1 lloraba tambi\u00e9n. Los dos est\u00e1bamos muy tristes. No quer\u00edamos regresar a Guatemala porque es muy violenta. El mes pasado estaba leyendo en el peri\u00f3dico que Guatemala es el cuarto pa\u00eds m\u00e1s violento en el mundo. Es preocupante, pero as\u00ed son las cosas.<\/p>\n<p>Mis t\u00edos no regresaron a Guatemala porque ten\u00edan miedo. Ellos todav\u00eda viven en M\u00e9xico.<\/p>\n<p>Entonces, yo estaba en la secundaria cuando llegamos aqu\u00ed a Guatemala. Estudi\u00e9 los b\u00e1sicos en el IGER [Instituto Guatemalteco de Educaci\u00f3n Radiof\u00f3nica], por correspondencia, porque no ten\u00edamos dinero para estudiar en un colegio. De modo que as\u00ed fue como estudi\u00e9. Estudi\u00e9 dos a\u00f1os en el IGER. Termin\u00e9 tercero b\u00e1sico y el a\u00f1o siguiente estudi\u00e9 magisterio en un internado. Estudi\u00e9 ah\u00ed por tres a\u00f1os. Despu\u00e9s de los tres a\u00f1os, me gradu\u00e9 de maestro biling\u00fce en espa\u00f1ol y k\u2019iche\u2019.<\/p>\n<p>Pero ahora estoy muy contento de vivir en Guatemala. Soy un ciudadano guatemalteco. Estoy esperando recibir mi diploma y mi licencia. Estoy ansioso. Lo importante para nosotros es sobreponernos a nuestra historia. Ser profesionales. \u00c9sa es nuestra esperanza.<\/p>\n<p>Entre los estudiantes se hablan cosas. S\u00ed, hablamos sobre cosas superficiales. A veces hablo con personas que tienen una situaci\u00f3n similar. Pero hay muchos estudiantes que tienen realidades diferentes. Talvez un estudiante que se qued\u00f3 en Guatemala o se fue a otro pa\u00eds, no es como mi situaci\u00f3n porque mi familia se fue a M\u00e9xico y regres\u00f3.<\/p>\n<p>Pero hablar de la guerra es un poco peligroso. Porque a veces la gente que habla mucho sobre las historias puede ser que resulten asesinados. Entonces, lo mejor es no hablar con cualquier persona&#8230; \u00bfc\u00f3mo lo digo? No podemos hablar sobre esto cuando un soldado o ex soldado est\u00e1 presente. Decimos que talvez el militar nos va a decir ahhhh&#8230; fueron los soldados los que asesinaron a la gente&#8230; As\u00ed que no hablo sobre la situaci\u00f3n. Debes ser cuidadoso en p\u00fablico. Es un poco peligroso.<\/p>\n<p>Me gusta estudiar. El estudio abre nuestras mentes para ver las cosas con objetividad y por esa raz\u00f3n me ha gustado. Y es la \u00fanica forma de salir adelante&#8230; no podemos vivir como lo hac\u00edamos en las aldeas; un hombre de quince a\u00f1os ya tiene mujer. Yo tengo veinticinco a\u00f1os y no tengo esposa.<\/p>\n<p>Pero creo que nosotros, los profesionales, vamos a hacer la diferencia en el futuro. S\u00ed, \u00e9sta es la esperanza y creo que tenemos que hacerlo. Por eso estoy estudiando ingl\u00e9s, quiero ser profesor. Ahora estoy estudiando leyes en la universidad. Me inscrib\u00ed para estudiar en la Universidad de San Carlos con el apoyo del programa (FEPMaya). He estudiado en el 2001, 2002, 2003, 2004 hasta ahora.<\/p>\n<p>Ahora quiero prepararme para ser alguien importante. En el futuro. Por eso quiero aprender otros idiomas. Voy a seguir adelante. Espero poder estudiar en otro pa\u00eds. Dentro de uno o dos a\u00f1os tengo que escribir mi tesis y entonces habr\u00e9 terminado.<\/p>\n<p>Espero escribir un libro sobre mi historia. Espero escribir mi libro.<\/p>\n<div><\/div>\n","protected":false},"excerpt":{"rendered":"<p>Bartolo, marzo de 2005 Toda la gente de nuestro pueblo fue asesinada en la masacre. Mi madre fue asesinada. Mis abuelos ya hab\u00edan fallecido. Nuestra aldea original, Yalamopoch, fue quemada. Nuestra casa fue incendiada. Ya no est\u00e1, no existe. Nosotros escapamos con mi pap\u00e1. Nos llev\u00f3 tres d\u00edas llegar a M\u00e9xico. Nos fuimos con mucha [&hellip;]<\/p>\n","protected":false},"author":1,"featured_media":0,"parent":0,"menu_order":0,"comment_status":"closed","ping_status":"open","template":"","meta":{"footnotes":""},"class_list":["post-522","page","type-page","status-publish","hentry"],"_links":{"self":[{"href":"https:\/\/www.levinger.net\/cualguerra\/wp-json\/wp\/v2\/pages\/522"}],"collection":[{"href":"https:\/\/www.levinger.net\/cualguerra\/wp-json\/wp\/v2\/pages"}],"about":[{"href":"https:\/\/www.levinger.net\/cualguerra\/wp-json\/wp\/v2\/types\/page"}],"author":[{"embeddable":true,"href":"https:\/\/www.levinger.net\/cualguerra\/wp-json\/wp\/v2\/users\/1"}],"replies":[{"embeddable":true,"href":"https:\/\/www.levinger.net\/cualguerra\/wp-json\/wp\/v2\/comments?post=522"}],"version-history":[{"count":1,"href":"https:\/\/www.levinger.net\/cualguerra\/wp-json\/wp\/v2\/pages\/522\/revisions"}],"predecessor-version":[{"id":523,"href":"https:\/\/www.levinger.net\/cualguerra\/wp-json\/wp\/v2\/pages\/522\/revisions\/523"}],"wp:attachment":[{"href":"https:\/\/www.levinger.net\/cualguerra\/wp-json\/wp\/v2\/media?parent=522"}],"curies":[{"name":"wp","href":"https:\/\/api.w.org\/{rel}","templated":true}]}}