{"id":29,"date":"2012-03-17T20:17:06","date_gmt":"2012-03-17T20:17:06","guid":{"rendered":"http:\/\/www.levinger.net\/laurie\/?page_id=29"},"modified":"2012-11-11T19:42:12","modified_gmt":"2012-11-11T19:42:12","slug":"cual-guerra","status":"publish","type":"page","link":"https:\/\/www.levinger.net\/laurie\/writing\/cual-guerra\/","title":{"rendered":"Cual Guerra?"},"content":{"rendered":"<h1>Testimonios de Sobreviventes Mayas<\/h1>\n<p><img loading=\"lazy\" decoding=\"async\" class=\"alignleft  wp-image-30\" title=\"CualGuerraCover\" src=\"http:\/\/www.levinger.net\/laurie\/wp-content\/uploads\/2012\/03\/CualGuerraCover.jpg\" alt=\"\" width=\"168\" height=\"255\" \/><\/p>\n<p>Aqui algunos j\u00f3venes que fueron victimas de &#8220;la violencia&#8221; relatan sus historias. En sus propias palabras, nos cuetan c\u00f3mo sus vidas fueron devastadas por el trauma, el terror y la muerte. La violencia es colocada en contexto hist\u00f3ricio con capitulos espec\u00edficos \u00fanicas sobrellevadas por mujeres y ni\u00f1os, el impacto en la v\u00edda familiar, la lucha por mantener la identidad Maya y el efecto de los Acuerdos da Paz.<\/p>\n<p>La realidad es que se necesita de un profundo coraje para &#8220;romper el silencio&#8221; y hablar de esta dolorosa historia personal. Estos sobreviventes est\u00e1n comprometidos a decir la verdad de sus propias experiencias. Aqui lidan con el futuro, rehacen sus vidas y tienen el compromiso de crear una nueva Guatemala.<\/p>\n<p>Published in 2009 and 2011 by\u00a0<a href=\"http:\/\/www.cholsamaj.org\/\" rel=\"nofollow\">Cholsamaj<\/a>.<\/p>\n<p><a title=\"Purchase Books\" href=\"http:\/\/www.levinger.net\/laurie\/writing\/purchase-books\/#CG\">Purchase Cual Guerra?<\/a><\/p>\n","protected":false},"excerpt":{"rendered":"<p>Testimonios de Sobreviventes Mayas Aqui algunos j\u00f3venes que fueron victimas de &#8220;la violencia&#8221; relatan sus historias. En sus propias palabras, nos cuetan c\u00f3mo sus vidas fueron devastadas por el trauma, el terror y la muerte. La violencia es colocada en &hellip; <a href=\"https:\/\/www.levinger.net\/laurie\/writing\/cual-guerra\/\">Continue reading <span class=\"meta-nav\">&rarr;<\/span><\/a><\/p>\n","protected":false},"author":1,"featured_media":30,"parent":6,"menu_order":1,"comment_status":"closed","ping_status":"closed","template":"","meta":{"footnotes":""},"class_list":["post-29","page","type-page","status-publish","has-post-thumbnail","hentry"],"_links":{"self":[{"href":"https:\/\/www.levinger.net\/laurie\/wp-json\/wp\/v2\/pages\/29"}],"collection":[{"href":"https:\/\/www.levinger.net\/laurie\/wp-json\/wp\/v2\/pages"}],"about":[{"href":"https:\/\/www.levinger.net\/laurie\/wp-json\/wp\/v2\/types\/page"}],"author":[{"embeddable":true,"href":"https:\/\/www.levinger.net\/laurie\/wp-json\/wp\/v2\/users\/1"}],"replies":[{"embeddable":true,"href":"https:\/\/www.levinger.net\/laurie\/wp-json\/wp\/v2\/comments?post=29"}],"version-history":[{"count":3,"href":"https:\/\/www.levinger.net\/laurie\/wp-json\/wp\/v2\/pages\/29\/revisions"}],"predecessor-version":[{"id":117,"href":"https:\/\/www.levinger.net\/laurie\/wp-json\/wp\/v2\/pages\/29\/revisions\/117"}],"up":[{"embeddable":true,"href":"https:\/\/www.levinger.net\/laurie\/wp-json\/wp\/v2\/pages\/6"}],"wp:featuredmedia":[{"embeddable":true,"href":"https:\/\/www.levinger.net\/laurie\/wp-json\/"}],"wp:attachment":[{"href":"https:\/\/www.levinger.net\/laurie\/wp-json\/wp\/v2\/media?parent=29"}],"curies":[{"name":"wp","href":"https:\/\/api.w.org\/{rel}","templated":true}]}}